{"id":152,"date":"2023-08-29T06:37:49","date_gmt":"2023-08-29T06:37:49","guid":{"rendered":"https:\/\/steuler-kchmexico.com\/wordpress\/?page_id=152"},"modified":"2023-08-31T09:35:46","modified_gmt":"2023-08-31T09:35:46","slug":"continuos","status":"publish","type":"page","link":"https:\/\/steuler-kchmexico.com\/wordpress\/continuos\/","title":{"rendered":"Continuos"},"content":{"rendered":"\n<style type=\"text\/css\" data-created_by=\"avia_inline_auto\" id=\"style-css-av-llxosr1d-6a77291949a91fd027e68a9fd7bbff0f\">\n.avia-section.av-llxosr1d-6a77291949a91fd027e68a9fd7bbff0f .av-parallax .av-parallax-inner{\nbackground-repeat:no-repeat;\nbackground-image:url(https:\/\/steuler-kchmexico.com\/wordpress\/wp-content\/uploads\/revestimientos-continuos-blur-1030x687.jpg);\nbackground-position:50% 50%;\nbackground-attachment:scroll;\n}\n.avia-section.av-llxosr1d-6a77291949a91fd027e68a9fd7bbff0f .av-section-color-overlay{\nopacity:0.5;\nbackground-color:#000000;\n}\n<\/style>\n<div id='av_section_1'  class='avia-section av-llxosr1d-6a77291949a91fd027e68a9fd7bbff0f main_color avia-section-huge avia-no-border-styling  avia-builder-el-0  el_before_av_submenu  avia-builder-el-first  avia-full-stretch av-parallax-section avia-bg-style-parallax av-section-color-overlay-active container_wrap fullsize'  data-section-bg-repeat='stretch'><div class='av-parallax' data-avia-parallax-ratio='0.3' ><div class='av-parallax-inner main_color avia-full-stretch'><\/div><\/div><div class=\"av-section-color-overlay-wrap\"><div class=\"av-section-color-overlay\"><\/div><div class='container av-section-cont-open' ><main  role=\"main\" itemprop=\"mainContentOfPage\"  class='template-page content  av-content-full alpha units'><div class='post-entry post-entry-type-page post-entry-152'><div class='entry-content-wrapper clearfix'>\n<div class='flex_column_table av-rdq88-2c2b29135b3caf997a5562c0ed045fc2 sc-av_one_half av-equal-height-column-flextable'><div  class='flex_column av-rdq88-2c2b29135b3caf997a5562c0ed045fc2 av_one_half  avia-builder-el-1  el_before_av_one_half  avia-builder-el-first  first flex_column_table_cell av-equal-height-column av-align-middle  '     ><style type=\"text\/css\" data-created_by=\"avia_inline_auto\" id=\"style-css-av-llxor4io-38c8d1c6794baea96a9dac4e8b4375cd\">\n#top .av-special-heading.av-llxor4io-38c8d1c6794baea96a9dac4e8b4375cd{\npadding-bottom:10px;\ncolor:#ffffff;\n}\nbody .av-special-heading.av-llxor4io-38c8d1c6794baea96a9dac4e8b4375cd .av-special-heading-tag .heading-char{\nfont-size:25px;\n}\n.av-special-heading.av-llxor4io-38c8d1c6794baea96a9dac4e8b4375cd .special-heading-inner-border{\nborder-color:#ffffff;\n}\n.av-special-heading.av-llxor4io-38c8d1c6794baea96a9dac4e8b4375cd .av-subheading{\nfont-size:15px;\n}\n<\/style>\n<div  class='av-special-heading av-llxor4io-38c8d1c6794baea96a9dac4e8b4375cd av-special-heading-h4 custom-color-heading blockquote modern-quote  avia-builder-el-2  avia-builder-el-no-sibling '><h4 class='av-special-heading-tag'  itemprop=\"headline\"  >Revestimientos continuos<\/h4><div class=\"special-heading-border\"><div class=\"special-heading-inner-border\"><\/div><\/div><\/div><\/div><div class='av-flex-placeholder'><\/div><div  class='flex_column av-jwni0-eee134ce960bb14028ca0ecaa959a4e6 av_one_half  avia-builder-el-3  el_after_av_one_half  avia-builder-el-last  flex_column_table_cell av-equal-height-column av-align-middle  '     ><style type=\"text\/css\" data-created_by=\"avia_inline_auto\" id=\"style-css-av-llxoriav-45c229b24ef743617a5162374f507bda\">\n#top .av_textblock_section.av-llxoriav-45c229b24ef743617a5162374f507bda .avia_textblock{\ncolor:#ffffff;\n}\n<\/style>\n<section  class='av_textblock_section av-llxoriav-45c229b24ef743617a5162374f507bda '   itemscope=\"itemscope\" itemtype=\"https:\/\/schema.org\/CreativeWork\" ><div class='avia_textblock av_inherit_color'  itemprop=\"text\" ><p>Las carpetas y membranas de STEULER para pisos industriales est\u00e1n dise\u00f1ados para brindar una resistencia excepcional ante cualquier ataque. Creamos sistemas de superficies lisos y antiderrapantes, contribuyendo a mejorar la productividad y seguridad en el trabajo.<\/p>\n<\/div><\/section><\/div><\/div><!--close column table wrapper. Autoclose: 1 --><\/div><\/div><\/main><!-- close content main element --><\/div><\/div><\/div><div class='clear'><\/div><div id='sub_menu1'  class='av-submenu-container av-llxotc9c-ab0b9dab613dd834b63d91b99ec145cd main_color  avia-builder-el-5  el_after_av_section  el_before_av_slideshow  av-sticky-submenu submenu-not-first container_wrap fullsize' style='z-index:301' ><div class='container av-menu-mobile-disabled av-submenu-pos-center'><ul id=\"menu-sub-menu\" class=\"av-subnav-menu\"><li role=\"menuitem\" id=\"menu-item-167\" class=\"menu-item menu-item-type-post_type menu-item-object-page menu-item-top-level menu-item-top-level-1\"><a href=\"https:\/\/steuler-kchmexico.com\/wordpress\/loseta-antiacida\/\" itemprop=\"url\" tabindex=\"0\"><span class=\"avia-bullet\"><\/span><span class=\"avia-menu-text\">Loseta anti\u00e1cida<\/span><span class=\"avia-menu-fx\"><span class=\"avia-arrow-wrap\"><span class=\"avia-arrow\"><\/span><\/span><\/span><\/a><\/li>\n<li role=\"menuitem\" id=\"menu-item-168\" class=\"menu-item menu-item-type-post_type menu-item-object-page menu-item-top-level menu-item-top-level-2\"><a href=\"https:\/\/steuler-kchmexico.com\/wordpress\/continuos\/\" itemprop=\"url\" tabindex=\"0\"><span class=\"avia-bullet\"><\/span><span class=\"avia-menu-text\">Continuos<\/span><span class=\"avia-menu-fx\"><span class=\"avia-arrow-wrap\"><span class=\"avia-arrow\"><\/span><\/span><\/span><\/a><\/li>\n<li role=\"menuitem\" id=\"menu-item-169\" class=\"menu-item menu-item-type-post_type menu-item-object-page menu-item-top-level menu-item-top-level-3\"><a href=\"https:\/\/steuler-kchmexico.com\/wordpress\/plasticos\/\" itemprop=\"url\" tabindex=\"0\"><span class=\"avia-bullet\"><\/span><span class=\"avia-menu-text\">Pl\u00e1sticos<\/span><span class=\"avia-menu-fx\"><span class=\"avia-arrow-wrap\"><span class=\"avia-arrow\"><\/span><\/span><\/span><\/a><\/li>\n<li role=\"menuitem\" id=\"menu-item-170\" class=\"menu-item menu-item-type-post_type menu-item-object-page menu-item-top-level menu-item-top-level-4\"><a href=\"https:\/\/steuler-kchmexico.com\/wordpress\/engomados\/\" itemprop=\"url\" tabindex=\"0\"><span class=\"avia-bullet\"><\/span><span class=\"avia-menu-text\">Engomados<\/span><span class=\"avia-menu-fx\"><span class=\"avia-arrow-wrap\"><span class=\"avia-arrow\"><\/span><\/span><\/span><\/a><\/li>\n<li role=\"menuitem\" id=\"menu-item-171\" class=\"menu-item menu-item-type-post_type menu-item-object-page menu-item-top-level menu-item-top-level-5\"><a href=\"https:\/\/steuler-kchmexico.com\/wordpress\/de-equipos\/\" itemprop=\"url\" tabindex=\"0\"><span class=\"avia-bullet\"><\/span><span class=\"avia-menu-text\">De equipos<\/span><span class=\"avia-menu-fx\"><span class=\"avia-arrow-wrap\"><span class=\"avia-arrow\"><\/span><\/span><\/span><\/a><\/li>\n<\/ul><\/div><\/div><div class='sticky_placeholder'><\/div><div id='after_submenu_1'  class='main_color av_default_container_wrap container_wrap fullsize'  ><div class='container av-section-cont-open' ><div class='template-page content  av-content-full alpha units'><div class='post-entry post-entry-type-page post-entry-152'><div class='entry-content-wrapper clearfix'><\/p>\n<div  class='avia-slideshow av-llxub1va-05d382931f05a4a2b3eaf9bfc29545f7 avia-slideshow-featured_large av_slideshow avia-fade-slider  avia-builder-el-6  el_after_av_submenu  el_before_av_one_half  avia-builder-el-first  av-slideshow-ui av-control-minimal av-control-minimal-dark av-nav-arrows-visible av-no-slider-navigation av-slideshow-manual av-loop-once av-loop-manual-endless av-default-height-applied avia-slideshow-1' data-slideshow-options=\"{&quot;animation&quot;:&quot;fade&quot;,&quot;autoplay&quot;:false,&quot;loop_autoplay&quot;:&quot;once&quot;,&quot;interval&quot;:5,&quot;loop_manual&quot;:&quot;manual-endless&quot;,&quot;autoplay_stopper&quot;:false,&quot;noNavigation&quot;:false,&quot;bg_slider&quot;:false,&quot;keep_padding&quot;:false,&quot;hoverpause&quot;:false,&quot;show_slide_delay&quot;:0}\"  itemprop=\"image\" itemscope=\"itemscope\" itemtype=\"https:\/\/schema.org\/ImageObject\" ><ul class='avia-slideshow-inner ' style='padding-bottom: 42%;'><li  class='avia-slideshow-slide av-llxub1va-05d382931f05a4a2b3eaf9bfc29545f7__0  slide-1 slide-odd'><div data-rel='slideshow-1' class='avia-slide-wrap '   ><img decoding=\"async\" class=\"wp-image-335 avia-img-lazy-loading-not-335\"  src=\"https:\/\/steuler-kchmexico.com\/wordpress\/wp-content\/uploads\/continuos-slider-1-min.jpg\" width=\"1500\" height=\"630\" title='continuos-slider-1-min' alt=''  itemprop=\"thumbnailUrl\" srcset=\"https:\/\/steuler-kchmexico.com\/wordpress\/wp-content\/uploads\/continuos-slider-1-min.jpg 1500w, https:\/\/steuler-kchmexico.com\/wordpress\/wp-content\/uploads\/continuos-slider-1-min-300x126.jpg 300w, https:\/\/steuler-kchmexico.com\/wordpress\/wp-content\/uploads\/continuos-slider-1-min-1030x433.jpg 1030w, https:\/\/steuler-kchmexico.com\/wordpress\/wp-content\/uploads\/continuos-slider-1-min-80x34.jpg 80w, https:\/\/steuler-kchmexico.com\/wordpress\/wp-content\/uploads\/continuos-slider-1-min-768x323.jpg 768w, https:\/\/steuler-kchmexico.com\/wordpress\/wp-content\/uploads\/continuos-slider-1-min-705x296.jpg 705w\" sizes=\"(max-width: 1500px) 100vw, 1500px\" \/><\/div><\/li><li  class='avia-slideshow-slide av-llxub1va-05d382931f05a4a2b3eaf9bfc29545f7__1  slide-2 slide-even'><div data-rel='slideshow-1' class='avia-slide-wrap '   ><img decoding=\"async\" class=\"wp-image-336 avia-img-lazy-loading-not-336\"  src=\"https:\/\/steuler-kchmexico.com\/wordpress\/wp-content\/uploads\/continuos-slider-2-min.jpg\" width=\"1500\" height=\"630\" title='continuos-slider-2-min' alt=''  itemprop=\"thumbnailUrl\" srcset=\"https:\/\/steuler-kchmexico.com\/wordpress\/wp-content\/uploads\/continuos-slider-2-min.jpg 1500w, https:\/\/steuler-kchmexico.com\/wordpress\/wp-content\/uploads\/continuos-slider-2-min-300x126.jpg 300w, https:\/\/steuler-kchmexico.com\/wordpress\/wp-content\/uploads\/continuos-slider-2-min-1030x433.jpg 1030w, https:\/\/steuler-kchmexico.com\/wordpress\/wp-content\/uploads\/continuos-slider-2-min-80x34.jpg 80w, https:\/\/steuler-kchmexico.com\/wordpress\/wp-content\/uploads\/continuos-slider-2-min-768x323.jpg 768w, https:\/\/steuler-kchmexico.com\/wordpress\/wp-content\/uploads\/continuos-slider-2-min-705x296.jpg 705w\" sizes=\"(max-width: 1500px) 100vw, 1500px\" \/><\/div><\/li><li  class='avia-slideshow-slide av-llxub1va-05d382931f05a4a2b3eaf9bfc29545f7__2  slide-3 slide-odd'><div data-rel='slideshow-1' class='avia-slide-wrap '   ><img decoding=\"async\" class=\"wp-image-337 avia-img-lazy-loading-not-337\"  src=\"https:\/\/steuler-kchmexico.com\/wordpress\/wp-content\/uploads\/continuos-slider-3-min.jpg\" width=\"1500\" height=\"630\" title='continuos-slider-3-min' alt=''  itemprop=\"thumbnailUrl\" srcset=\"https:\/\/steuler-kchmexico.com\/wordpress\/wp-content\/uploads\/continuos-slider-3-min.jpg 1500w, https:\/\/steuler-kchmexico.com\/wordpress\/wp-content\/uploads\/continuos-slider-3-min-300x126.jpg 300w, https:\/\/steuler-kchmexico.com\/wordpress\/wp-content\/uploads\/continuos-slider-3-min-1030x433.jpg 1030w, https:\/\/steuler-kchmexico.com\/wordpress\/wp-content\/uploads\/continuos-slider-3-min-80x34.jpg 80w, https:\/\/steuler-kchmexico.com\/wordpress\/wp-content\/uploads\/continuos-slider-3-min-768x323.jpg 768w, https:\/\/steuler-kchmexico.com\/wordpress\/wp-content\/uploads\/continuos-slider-3-min-705x296.jpg 705w\" sizes=\"(max-width: 1500px) 100vw, 1500px\" \/><\/div><\/li><\/ul><div class='avia-slideshow-arrows avia-slideshow-controls' ><a href='#prev' class='prev-slide ' aria-hidden='true' data-av_icon='\ue87c' data-av_iconfont='entypo-fontello'  tabindex='-1'>Anterior<\/a><a href='#next' class='next-slide ' aria-hidden='true' data-av_icon='\ue87d' data-av_iconfont='entypo-fontello'  tabindex='-1'>Posterior<\/a><\/div><\/div>\n<div  class='flex_column av-av_one_half-048119fdb636ea3d70edc0b975509c6c av_one_half  avia-builder-el-7  el_after_av_slideshow  el_before_av_one_half  first flex_column_div  '     ><section  class='av_textblock_section av-llyyq8wx-a44db0fe9600b6cb2b5bcaa10e4db0b5 '   itemscope=\"itemscope\" itemtype=\"https:\/\/schema.org\/CreativeWork\" ><div class='avia_textblock'  itemprop=\"text\" ><p>La elecci\u00f3n del sistema de revestimiento m\u00e1s adecuado requiere de un an\u00e1lisis de la superficie a detalle de los ataques y condiciones a soportar durante la operaci\u00f3n o proceso. Contamos con las soluciones m\u00e1s adecuadas y probadas para juntas de expansi\u00f3n, aplicaci\u00f3n en canaletas o en \u00e1reas industriales en general. En Steuler, nunca nos detenemos en lo b\u00e1sico y vamos m\u00e1s all\u00e1.<\/p>\n<\/div><\/section><\/div><div  class='flex_column av-av_one_half-feecfcc73494c68bb0d1632d1d5c38ae av_one_half  avia-builder-el-9  el_after_av_one_half  el_before_av_one_half  flex_column_div  '     ><section  class='av_textblock_section av-llyyqhbe-262f0765d3633117594b736f73e47b7c '   itemscope=\"itemscope\" itemtype=\"https:\/\/schema.org\/CreativeWork\" ><div class='avia_textblock'  itemprop=\"text\" ><p>Nuestro objetivo es hacer todo correctamente desde el inicio: dise\u00f1amos y ofrecemos la estructura completa del revestimiento con capas precisamente definidas y personalizadas. Analizamos y comprendemos los da\u00f1os y consecuencias que implica emplear revestimientos de superficie inapropiados. Brindamos soluciones probadas para cada aspecto y las particularidades \u00fanicas de cada proyecto.<\/p>\n<\/div><\/section><\/div><div  class='flex_column av-av_one_half-048119fdb636ea3d70edc0b975509c6c av_one_half  avia-builder-el-11  el_after_av_one_half  el_before_av_one_half  first flex_column_div  column-top-margin'     ><style type=\"text\/css\" data-created_by=\"avia_inline_auto\" id=\"style-css-av-llyyx9dy-1924c6462025602f2c5952a9100d3c13\">\n.avia-image-container.av-llyyx9dy-1924c6462025602f2c5952a9100d3c13 img.avia_image{\nbox-shadow:none;\n}\n.avia-image-container.av-llyyx9dy-1924c6462025602f2c5952a9100d3c13 .av-image-caption-overlay-center{\ncolor:#ffffff;\n}\n<\/style>\n<div  class='avia-image-container av-llyyx9dy-1924c6462025602f2c5952a9100d3c13 av-styling- avia-align-center  avia-builder-el-12  avia-builder-el-no-sibling '   itemprop=\"image\" itemscope=\"itemscope\" itemtype=\"https:\/\/schema.org\/ImageObject\" ><div class=\"avia-image-container-inner\"><div class=\"avia-image-overlay-wrap\"><img decoding=\"async\" class='wp-image-380 avia-img-lazy-loading-not-380 avia_image ' src=\"https:\/\/steuler-kchmexico.com\/wordpress\/wp-content\/uploads\/revestimientos-continuos-content-1.jpg\" alt='' title='revestimientos-continuos-content-1'  height=\"830\" width=\"622\"  itemprop=\"thumbnailUrl\" srcset=\"https:\/\/steuler-kchmexico.com\/wordpress\/wp-content\/uploads\/revestimientos-continuos-content-1.jpg 622w, https:\/\/steuler-kchmexico.com\/wordpress\/wp-content\/uploads\/revestimientos-continuos-content-1-225x300.jpg 225w, https:\/\/steuler-kchmexico.com\/wordpress\/wp-content\/uploads\/revestimientos-continuos-content-1-60x80.jpg 60w, https:\/\/steuler-kchmexico.com\/wordpress\/wp-content\/uploads\/revestimientos-continuos-content-1-528x705.jpg 528w\" sizes=\"(max-width: 622px) 100vw, 622px\" \/><\/div><\/div><\/div><\/div><div  class='flex_column av-av_one_half-feecfcc73494c68bb0d1632d1d5c38ae av_one_half  avia-builder-el-13  el_after_av_one_half  avia-builder-el-last  flex_column_div  column-top-margin'     ><p>\n<style type=\"text\/css\" data-created_by=\"avia_inline_auto\" id=\"style-css-av-llyyxsbr-ba619960bd8fcdc6b8364c9ede326667\">\n.avia-image-container.av-llyyxsbr-ba619960bd8fcdc6b8364c9ede326667 img.avia_image{\nbox-shadow:none;\n}\n.avia-image-container.av-llyyxsbr-ba619960bd8fcdc6b8364c9ede326667 .av-image-caption-overlay-center{\ncolor:#ffffff;\n}\n<\/style>\n<div  class='avia-image-container av-llyyxsbr-ba619960bd8fcdc6b8364c9ede326667 av-styling- avia-align-center  avia-builder-el-14  el_before_av_textblock  avia-builder-el-first '   itemprop=\"image\" itemscope=\"itemscope\" itemtype=\"https:\/\/schema.org\/ImageObject\" ><div class=\"avia-image-container-inner\"><div class=\"avia-image-overlay-wrap\"><img decoding=\"async\" class='wp-image-381 avia-img-lazy-loading-not-381 avia_image ' src=\"https:\/\/steuler-kchmexico.com\/wordpress\/wp-content\/uploads\/revestimientos-continuos-content-2.jpg\" alt='' title='revestimientos-continuos-content-2'  height=\"875\" width=\"873\"  itemprop=\"thumbnailUrl\" srcset=\"https:\/\/steuler-kchmexico.com\/wordpress\/wp-content\/uploads\/revestimientos-continuos-content-2.jpg 873w, https:\/\/steuler-kchmexico.com\/wordpress\/wp-content\/uploads\/revestimientos-continuos-content-2-300x300.jpg 300w, https:\/\/steuler-kchmexico.com\/wordpress\/wp-content\/uploads\/revestimientos-continuos-content-2-80x80.jpg 80w, https:\/\/steuler-kchmexico.com\/wordpress\/wp-content\/uploads\/revestimientos-continuos-content-2-768x770.jpg 768w, https:\/\/steuler-kchmexico.com\/wordpress\/wp-content\/uploads\/revestimientos-continuos-content-2-36x36.jpg 36w, https:\/\/steuler-kchmexico.com\/wordpress\/wp-content\/uploads\/revestimientos-continuos-content-2-180x180.jpg 180w, https:\/\/steuler-kchmexico.com\/wordpress\/wp-content\/uploads\/revestimientos-continuos-content-2-703x705.jpg 703w\" sizes=\"(max-width: 873px) 100vw, 873px\" \/><\/div><\/div><\/div><br \/>\n<section  class='av_textblock_section av-llyz050l-f4e9a57cb6113a79ac28ba167610e9d0 '   itemscope=\"itemscope\" itemtype=\"https:\/\/schema.org\/CreativeWork\" ><div class='avia_textblock'  itemprop=\"text\" ><ul>\n<li>Amplia variedad de primarios y carpetas: poliuretano, resina epoxi, vinil\u00e9ster, poli\u00e9ster insaturado, resina fur\u00e1nica y formulaciones especiales.<\/li>\n<li>Diversos m\u00e9todos de aplicaci\u00f3n: revestimientos aplicados con esp\u00e1tula o llana, autonivelantes, con agregados esparcidos, laminados o pisos de resinas sint\u00e9ticas.<\/li>\n<li>Sistemas de membranas aprobados por la autoridad alemana de construcci\u00f3n, DiBt.<\/li>\n<li>Sistemas especializados en objetivos particulares: revestimientos para la industria alimentaria y para \u00e1reas con necesidades de protecci\u00f3n electrost\u00e1tica.<\/li>\n<li>Sistemas combinados (imprimaci\u00f3n, capas de uni\u00f3n y nivelaci\u00f3n, capas intermedias o de cuerpo, capas superiores \u201ctop coats\u201d de desgaste y de sello) con diversos materiales de relleno y refuerzo.<\/li>\n<\/ul>\n<\/div><\/section><\/p><\/div><\/p>\n","protected":false},"excerpt":{"rendered":"","protected":false},"author":1,"featured_media":0,"parent":0,"menu_order":0,"comment_status":"closed","ping_status":"closed","template":"","meta":{"footnotes":""},"_links":{"self":[{"href":"https:\/\/steuler-kchmexico.com\/wordpress\/wp-json\/wp\/v2\/pages\/152"}],"collection":[{"href":"https:\/\/steuler-kchmexico.com\/wordpress\/wp-json\/wp\/v2\/pages"}],"about":[{"href":"https:\/\/steuler-kchmexico.com\/wordpress\/wp-json\/wp\/v2\/types\/page"}],"author":[{"embeddable":true,"href":"https:\/\/steuler-kchmexico.com\/wordpress\/wp-json\/wp\/v2\/users\/1"}],"replies":[{"embeddable":true,"href":"https:\/\/steuler-kchmexico.com\/wordpress\/wp-json\/wp\/v2\/comments?post=152"}],"version-history":[{"count":5,"href":"https:\/\/steuler-kchmexico.com\/wordpress\/wp-json\/wp\/v2\/pages\/152\/revisions"}],"predecessor-version":[{"id":307,"href":"https:\/\/steuler-kchmexico.com\/wordpress\/wp-json\/wp\/v2\/pages\/152\/revisions\/307"}],"wp:attachment":[{"href":"https:\/\/steuler-kchmexico.com\/wordpress\/wp-json\/wp\/v2\/media?parent=152"}],"curies":[{"name":"wp","href":"https:\/\/api.w.org\/{rel}","templated":true}]}}