{"id":158,"date":"2023-08-29T06:38:30","date_gmt":"2023-08-29T06:38:30","guid":{"rendered":"https:\/\/steuler-kchmexico.com\/wordpress\/?page_id=158"},"modified":"2023-11-24T08:43:14","modified_gmt":"2023-11-24T08:43:14","slug":"engomados","status":"publish","type":"page","link":"https:\/\/steuler-kchmexico.com\/wordpress\/engomados\/","title":{"rendered":"Engomados"},"content":{"rendered":"\n<style type=\"text\/css\" data-created_by=\"avia_inline_auto\" id=\"style-css-av-llxp0j5w-44ff7fe6ff2d86af2c25beab05b3278d\">\n.avia-section.av-llxp0j5w-44ff7fe6ff2d86af2c25beab05b3278d .av-parallax .av-parallax-inner{\nbackground-repeat:no-repeat;\nbackground-image:url(https:\/\/steuler-kchmexico.com\/wordpress\/wp-content\/uploads\/revestimientos-engomados-blur.jpg);\nbackground-position:50% 50%;\nbackground-attachment:scroll;\n}\n.avia-section.av-llxp0j5w-44ff7fe6ff2d86af2c25beab05b3278d .av-section-color-overlay{\nopacity:0.5;\nbackground-color:#000000;\n}\n<\/style>\n<div id='av_section_1'  class='avia-section av-llxp0j5w-44ff7fe6ff2d86af2c25beab05b3278d main_color avia-section-huge avia-no-border-styling  avia-builder-el-0  el_before_av_submenu  avia-builder-el-first  avia-full-stretch av-parallax-section avia-bg-style-parallax av-section-color-overlay-active container_wrap fullsize'  data-section-bg-repeat='stretch'><div class='av-parallax' data-avia-parallax-ratio='0.3' ><div class='av-parallax-inner main_color avia-full-stretch'><\/div><\/div><div class=\"av-section-color-overlay-wrap\"><div class=\"av-section-color-overlay\"><\/div><div class='container av-section-cont-open' ><main  role=\"main\" itemprop=\"mainContentOfPage\"  class='template-page content  av-content-full alpha units'><div class='post-entry post-entry-type-page post-entry-158'><div class='entry-content-wrapper clearfix'>\n<div class='flex_column_table av-rmg9y-93c84b46620c8aafb34c4851f78a42a5 sc-av_one_half av-equal-height-column-flextable'><div  class='flex_column av-rmg9y-93c84b46620c8aafb34c4851f78a42a5 av_one_half  avia-builder-el-1  el_before_av_one_half  avia-builder-el-first  first flex_column_table_cell av-equal-height-column av-align-middle  '     ><style type=\"text\/css\" data-created_by=\"avia_inline_auto\" id=\"style-css-av-llxp0y8c-9813fe974fbf0cb8321292b59b8c30c5\">\n#top .av-special-heading.av-llxp0y8c-9813fe974fbf0cb8321292b59b8c30c5{\npadding-bottom:10px;\ncolor:#ffffff;\n}\nbody .av-special-heading.av-llxp0y8c-9813fe974fbf0cb8321292b59b8c30c5 .av-special-heading-tag .heading-char{\nfont-size:25px;\n}\n.av-special-heading.av-llxp0y8c-9813fe974fbf0cb8321292b59b8c30c5 .special-heading-inner-border{\nborder-color:#ffffff;\n}\n.av-special-heading.av-llxp0y8c-9813fe974fbf0cb8321292b59b8c30c5 .av-subheading{\nfont-size:15px;\n}\n<\/style>\n<div  class='av-special-heading av-llxp0y8c-9813fe974fbf0cb8321292b59b8c30c5 av-special-heading-h4 custom-color-heading blockquote modern-quote  avia-builder-el-2  avia-builder-el-no-sibling '><h4 class='av-special-heading-tag'  itemprop=\"headline\"  >Revestimientos de hule<\/h4><div class=\"special-heading-border\"><div class=\"special-heading-inner-border\"><\/div><\/div><\/div><\/div><div class='av-flex-placeholder'><\/div><div  class='flex_column av-nrmla-49da7d402801700fecc9513ee23f09b5 av_one_half  avia-builder-el-3  el_after_av_one_half  avia-builder-el-last  flex_column_table_cell av-equal-height-column av-align-middle  '     ><style type=\"text\/css\" data-created_by=\"avia_inline_auto\" id=\"style-css-av-llxp1bis-3d1195a8e002940dcb74b1bef387530c\">\n#top .av_textblock_section.av-llxp1bis-3d1195a8e002940dcb74b1bef387530c .avia_textblock{\ncolor:#ffffff;\n}\n<\/style>\n<section  class='av_textblock_section av-llxp1bis-3d1195a8e002940dcb74b1bef387530c '   itemscope=\"itemscope\" itemtype=\"https:\/\/schema.org\/CreativeWork\" ><div class='avia_textblock av_inherit_color'  itemprop=\"text\" ><p>Los revestimientos ahulados brindan una protecci\u00f3n sumamente eficaz contra la corrosi\u00f3n. En STEULER dise\u00f1amos una amplia selecci\u00f3n de revestimientos ahulados para su instalaci\u00f3n en el sitio de obra y en taller.<\/p>\n<\/div><\/section><\/div><\/div><!--close column table wrapper. Autoclose: 1 -->\n\n<\/div><\/div><\/main><!-- close content main element --><\/div><\/div><\/div><div class='clear'><\/div><div id='sub_menu1'  class='av-submenu-container av-llxp2zp0-784fb72b3aeae3b03745863255d9aa23 main_color  avia-builder-el-5  el_after_av_section  el_before_av_slideshow  av-sticky-submenu submenu-not-first container_wrap fullsize' style='z-index:301' ><div class='container av-menu-mobile-disabled av-submenu-pos-center'><ul id=\"menu-sub-menu\" class=\"av-subnav-menu\"><li role=\"menuitem\" id=\"menu-item-167\" class=\"menu-item menu-item-type-post_type menu-item-object-page menu-item-top-level menu-item-top-level-1\"><a href=\"https:\/\/steuler-kchmexico.com\/wordpress\/loseta-antiacida\/\" itemprop=\"url\" tabindex=\"0\"><span class=\"avia-bullet\"><\/span><span class=\"avia-menu-text\">Loseta anti\u00e1cida<\/span><span class=\"avia-menu-fx\"><span class=\"avia-arrow-wrap\"><span class=\"avia-arrow\"><\/span><\/span><\/span><\/a><\/li>\n<li role=\"menuitem\" id=\"menu-item-168\" class=\"menu-item menu-item-type-post_type menu-item-object-page menu-item-top-level menu-item-top-level-2\"><a href=\"https:\/\/steuler-kchmexico.com\/wordpress\/continuos\/\" itemprop=\"url\" tabindex=\"0\"><span class=\"avia-bullet\"><\/span><span class=\"avia-menu-text\">Continuos<\/span><span class=\"avia-menu-fx\"><span class=\"avia-arrow-wrap\"><span class=\"avia-arrow\"><\/span><\/span><\/span><\/a><\/li>\n<li role=\"menuitem\" id=\"menu-item-169\" class=\"menu-item menu-item-type-post_type menu-item-object-page menu-item-top-level menu-item-top-level-3\"><a href=\"https:\/\/steuler-kchmexico.com\/wordpress\/plasticos\/\" itemprop=\"url\" tabindex=\"0\"><span class=\"avia-bullet\"><\/span><span class=\"avia-menu-text\">Pl\u00e1sticos<\/span><span class=\"avia-menu-fx\"><span class=\"avia-arrow-wrap\"><span class=\"avia-arrow\"><\/span><\/span><\/span><\/a><\/li>\n<li role=\"menuitem\" id=\"menu-item-170\" class=\"menu-item menu-item-type-post_type menu-item-object-page menu-item-top-level menu-item-top-level-4\"><a href=\"https:\/\/steuler-kchmexico.com\/wordpress\/engomados\/\" itemprop=\"url\" tabindex=\"0\"><span class=\"avia-bullet\"><\/span><span class=\"avia-menu-text\">Engomados<\/span><span class=\"avia-menu-fx\"><span class=\"avia-arrow-wrap\"><span class=\"avia-arrow\"><\/span><\/span><\/span><\/a><\/li>\n<li role=\"menuitem\" id=\"menu-item-171\" class=\"menu-item menu-item-type-post_type menu-item-object-page menu-item-top-level menu-item-top-level-5\"><a href=\"https:\/\/steuler-kchmexico.com\/wordpress\/de-equipos\/\" itemprop=\"url\" tabindex=\"0\"><span class=\"avia-bullet\"><\/span><span class=\"avia-menu-text\">De equipos<\/span><span class=\"avia-menu-fx\"><span class=\"avia-arrow-wrap\"><span class=\"avia-arrow\"><\/span><\/span><\/span><\/a><\/li>\n<\/ul><\/div><\/div><div class='sticky_placeholder'><\/div><div id='after_submenu_1'  class='main_color av_default_container_wrap container_wrap fullsize'  ><div class='container av-section-cont-open' ><div class='template-page content  av-content-full alpha units'><div class='post-entry post-entry-type-page post-entry-158'><div class='entry-content-wrapper clearfix'>\n<div  class='avia-slideshow av-llxuer4n-e9902d2f5382327c807e6a3ea518738b avia-slideshow-featured_large av_slideshow avia-fade-slider  avia-builder-el-6  el_after_av_submenu  el_before_av_section  avia-builder-el-no-sibling  av-slideshow-ui av-control-minimal av-control-minimal-dark av-nav-arrows-visible av-no-slider-navigation av-slideshow-manual av-loop-once av-loop-manual-endless av-default-height-applied avia-slideshow-1' data-slideshow-options=\"{&quot;animation&quot;:&quot;fade&quot;,&quot;autoplay&quot;:false,&quot;loop_autoplay&quot;:&quot;once&quot;,&quot;interval&quot;:5,&quot;loop_manual&quot;:&quot;manual-endless&quot;,&quot;autoplay_stopper&quot;:false,&quot;noNavigation&quot;:false,&quot;bg_slider&quot;:false,&quot;keep_padding&quot;:false,&quot;hoverpause&quot;:false,&quot;show_slide_delay&quot;:0}\"  itemprop=\"image\" itemscope=\"itemscope\" itemtype=\"https:\/\/schema.org\/ImageObject\" ><ul class='avia-slideshow-inner ' style='padding-bottom: 42%;'><li  class='avia-slideshow-slide av-llxuer4n-e9902d2f5382327c807e6a3ea518738b__0  slide-1 slide-odd'><div data-rel='slideshow-1' class='avia-slide-wrap '   ><img decoding=\"async\" class=\"wp-image-343 avia-img-lazy-loading-not-343\"  src=\"https:\/\/steuler-kchmexico.com\/wordpress\/wp-content\/uploads\/engomados-slider-1-min.jpg\" width=\"1500\" height=\"630\" title='engomados-slider-1-min' alt=''  itemprop=\"thumbnailUrl\" srcset=\"https:\/\/steuler-kchmexico.com\/wordpress\/wp-content\/uploads\/engomados-slider-1-min.jpg 1500w, https:\/\/steuler-kchmexico.com\/wordpress\/wp-content\/uploads\/engomados-slider-1-min-300x126.jpg 300w, https:\/\/steuler-kchmexico.com\/wordpress\/wp-content\/uploads\/engomados-slider-1-min-1030x433.jpg 1030w, https:\/\/steuler-kchmexico.com\/wordpress\/wp-content\/uploads\/engomados-slider-1-min-80x34.jpg 80w, https:\/\/steuler-kchmexico.com\/wordpress\/wp-content\/uploads\/engomados-slider-1-min-768x323.jpg 768w, https:\/\/steuler-kchmexico.com\/wordpress\/wp-content\/uploads\/engomados-slider-1-min-705x296.jpg 705w\" sizes=\"(max-width: 1500px) 100vw, 1500px\" \/><\/div><\/li><li  class='avia-slideshow-slide av-llxuer4n-e9902d2f5382327c807e6a3ea518738b__1  slide-2 slide-even'><div data-rel='slideshow-1' class='avia-slide-wrap '   ><img decoding=\"async\" class=\"wp-image-344 avia-img-lazy-loading-not-344\"  src=\"https:\/\/steuler-kchmexico.com\/wordpress\/wp-content\/uploads\/engomados-slider-2-min.jpg\" width=\"1500\" height=\"630\" title='engomados-slider-2-min' alt=''  itemprop=\"thumbnailUrl\" srcset=\"https:\/\/steuler-kchmexico.com\/wordpress\/wp-content\/uploads\/engomados-slider-2-min.jpg 1500w, https:\/\/steuler-kchmexico.com\/wordpress\/wp-content\/uploads\/engomados-slider-2-min-300x126.jpg 300w, https:\/\/steuler-kchmexico.com\/wordpress\/wp-content\/uploads\/engomados-slider-2-min-1030x433.jpg 1030w, https:\/\/steuler-kchmexico.com\/wordpress\/wp-content\/uploads\/engomados-slider-2-min-80x34.jpg 80w, https:\/\/steuler-kchmexico.com\/wordpress\/wp-content\/uploads\/engomados-slider-2-min-768x323.jpg 768w, https:\/\/steuler-kchmexico.com\/wordpress\/wp-content\/uploads\/engomados-slider-2-min-705x296.jpg 705w\" sizes=\"(max-width: 1500px) 100vw, 1500px\" \/><\/div><\/li><\/ul><div class='avia-slideshow-arrows avia-slideshow-controls' ><a href='#prev' class='prev-slide ' aria-hidden='true' data-av_icon='\ue87c' data-av_iconfont='entypo-fontello'  tabindex='-1'>Anterior<\/a><a href='#next' class='next-slide ' aria-hidden='true' data-av_icon='\ue87d' data-av_iconfont='entypo-fontello'  tabindex='-1'>Posterior<\/a><\/div><\/div>\n<\/div><\/div><\/div><!-- close content main div --><\/div><\/div>\n<style type=\"text\/css\" data-created_by=\"avia_inline_auto\" id=\"style-css-av-e9212-6810a38ea2fe986bc469516e3893e206\">\n.avia-section.av-e9212-6810a38ea2fe986bc469516e3893e206{\nbackground-color:#000000;\nbackground-image:unset;\n}\n<\/style>\n<div id='av_section_2'  class='avia-section av-e9212-6810a38ea2fe986bc469516e3893e206 footer_color avia-section-default avia-no-border-styling  avia-builder-el-7  el_after_av_slideshow  el_before_av_one_half  avia-bg-style-scroll container_wrap fullsize'  ><div class='container av-section-cont-open' ><div class='template-page content  av-content-full alpha units'><div class='post-entry post-entry-type-page post-entry-158'><div class='entry-content-wrapper clearfix'>\n\n<style type=\"text\/css\" data-created_by=\"avia_inline_auto\" id=\"style-css-av-lm2082lr-7df60da3e1c5b7d8388f173237f074c8\">\n#top .av-special-heading.av-lm2082lr-7df60da3e1c5b7d8388f173237f074c8{\npadding-bottom:30px;\n}\nbody .av-special-heading.av-lm2082lr-7df60da3e1c5b7d8388f173237f074c8 .av-special-heading-tag .heading-char{\nfont-size:25px;\n}\n.av-special-heading.av-lm2082lr-7df60da3e1c5b7d8388f173237f074c8 .av-subheading{\nfont-size:15px;\n}\n<\/style>\n<div  class='av-special-heading av-lm2082lr-7df60da3e1c5b7d8388f173237f074c8 av-special-heading-h4 blockquote modern-quote  avia-builder-el-8  el_before_av_iconlist  avia-builder-el-first '><h4 class='av-special-heading-tag'  itemprop=\"headline\"  >Cat\u00e1logos de revestimientos engomados<\/h4><div class=\"special-heading-border\"><div class=\"special-heading-inner-border\"><\/div><\/div><\/div>\n\n<style type=\"text\/css\" data-created_by=\"avia_inline_auto\" id=\"style-css-av-lm2074cm-5da126f1e9db060c02e2e2d6cace6a1d\">\n#top .avia-icon-list-container.av-lm2074cm-5da126f1e9db060c02e2e2d6cace6a1d .iconlist_icon{\ncolor:#ffffff;\nbackground-color:#d51031;\n}\n#top #wrap_all .avia-icon-list-container.av-lm2074cm-5da126f1e9db060c02e2e2d6cace6a1d .av_iconlist_title{\ncolor:#ffffff;\n}\n<\/style>\n<div  class='avia-icon-list-container av-lm2074cm-5da126f1e9db060c02e2e2d6cace6a1d  avia-builder-el-9  el_after_av_heading  avia-builder-el-last '><ul class='avia-icon-list avia_animate_when_almost_visible avia-icon-list-left av-iconlist-big av-lm2074cm-5da126f1e9db060c02e2e2d6cace6a1d'>\n<li><div class='iconlist_icon av-lm20620e-59d7b5b07600ff8ed4e8bc7c24487afa avia-font-entypo-fontello'><span class='iconlist-char' aria-hidden='true' data-av_icon='\ue82d' data-av_iconfont='entypo-fontello'><\/span><\/div><article class=\"article-icon-entry av-iconlist-empty\"  itemscope=\"itemscope\" itemtype=\"https:\/\/schema.org\/CreativeWork\" ><div class=\"iconlist_content_wrap\"><header class=\"entry-content-header\"><p class='av_iconlist_title iconlist_title  av_inherit_color'  itemprop=\"headline\" ><a href='https:\/\/steuler-kchmexico.com\/wordpress\/wp-content\/uploads\/rubber-linings-versatile-and-safe-on-steel-and-concrete-en.pdf' title='Rubber linings versatile and safe on steel and concrete (EN)' target=\"_blank\"  rel=\"noopener noreferrer\">Rubber linings versatile and safe on steel and concrete (EN)<\/a><\/p><\/header><div class='iconlist_content '  itemprop=\"text\" ><\/div><\/div><footer class=\"entry-footer\"><\/footer><\/article><div class=\"iconlist-timeline\"><\/div><\/li>\n<\/ul><\/div>\n<\/div><\/div><\/div><!-- close content main div --><\/div><\/div><div id='after_section_2'  class='main_color av_default_container_wrap container_wrap fullsize'  ><div class='container av-section-cont-open' ><div class='template-page content  av-content-full alpha units'><div class='post-entry post-entry-type-page post-entry-158'><div class='entry-content-wrapper clearfix'>\n<div  class='flex_column av-55b2-4816e12187ea0448812663f053a23624 av_one_half  avia-builder-el-10  el_after_av_section  el_before_av_one_half  avia-builder-el-first  first flex_column_div  '     ><section  class='av_textblock_section av-7qx0m-d6be45d8f048f052713ac4521886aba5 '   itemscope=\"itemscope\" itemtype=\"https:\/\/schema.org\/CreativeWork\" ><div class='avia_textblock'  itemprop=\"text\" ><p>La prioridad principal al seleccionar el revestimiento adecuado es la resistencia qu\u00edmica. Esto se vuelve especialmente crucial en el caso de compuestos qu\u00edmicos como el \u00e1cido clorh\u00eddrico y cuando existen temperaturas operativas que exceden las ambientales, dado que los procesos de permeabilidad con un aumento de la temperatura se aceleran.<\/p>\n<p>Los revestimientos de hule brindan una protecci\u00f3n excelente tanto para equipos de acero, como tanques, tuber\u00edas, reactores, lavadores, y tambi\u00e9n para componentes de construcci\u00f3n de concreto.<\/p>\n<p>Esto es importante no solo en situaciones de ataques qu\u00edmicos causados por sustancias \u00e1cidas, productos alcalinos, soluciones de salinas, diversos compuestos qu\u00edmicos o vapor de agua, cuyos efectos se intensifican debido a las altas temperaturas y los cambios r\u00e1pidos de las mismas, sino tambi\u00e9n para proteger de los da\u00f1os mec\u00e1nicos comunes, como la presi\u00f3n y abrasi\u00f3n.<\/p>\n<p><strong>VENTAJAS DE LOS REVESTIMIENTOS DE HULE.<\/strong><\/p>\n<\/div><\/section><\/div><div  class='flex_column av-bccqm-80ec4008a966a1a63acd6b4cd51f6976 av_one_half  avia-builder-el-12  el_after_av_one_half  avia-builder-el-last  flex_column_div  '     ><section  class='av_textblock_section av-loeg3nuk-cd27709e214663df86818439d82e00b2 '   itemscope=\"itemscope\" itemtype=\"https:\/\/schema.org\/CreativeWork\" ><div class='avia_textblock'  itemprop=\"text\" ><ul>\n<li>Los hules blandos proporcionan una excelente flexibilidad y capacidad de resistir a estructuras con movimientos o ataque mec\u00e1nico.<\/li>\n<li>Son altamente impermeables, ofreciendo una protecci\u00f3n efectiva contra l\u00edquidos e incluso gases.<\/li>\n<li>Ofrecen una resistencia duradera y confiable ante ataques qu\u00edmicos, tienen buena resistencia t\u00e9rmica y a ataques mec\u00e1nicos.<\/li>\n<li>Por su m\u00e9todo de fabricaci\u00f3n, presenta un grosor espec\u00edfico controlado en toda la membrana impermeabilizante.<\/li>\n<li>Poseen capacidad antiadherente y de descontaminaci\u00f3n.<\/li>\n<li>Mantienen su resistencia por largo tiempo, con cualidades favorables para prevenir el agrietamiento o puenteo de grietas.<\/li>\n<li>Permiten realizar ensayos de fugas precisos y repetibles.<\/li>\n<\/ul>\n<\/div><\/section><br \/>\n\n<style type=\"text\/css\" data-created_by=\"avia_inline_auto\" id=\"style-css-av-lpcbxyfi-567c70f83508eb32e218a5ca186615ac\">\n.avia-image-container.av-lpcbxyfi-567c70f83508eb32e218a5ca186615ac img.avia_image{\nbox-shadow:none;\n}\n.avia-image-container.av-lpcbxyfi-567c70f83508eb32e218a5ca186615ac .av-image-caption-overlay-center{\ncolor:#ffffff;\n}\n<\/style>\n<div  class='avia-image-container av-lpcbxyfi-567c70f83508eb32e218a5ca186615ac av-styling- avia-align-center  avia-builder-el-14  el_after_av_textblock  avia-builder-el-last '   itemprop=\"image\" itemscope=\"itemscope\" itemtype=\"https:\/\/schema.org\/ImageObject\" ><div class=\"avia-image-container-inner\"><div class=\"avia-image-overlay-wrap\"><img decoding=\"async\" class='wp-image-549 avia-img-lazy-loading-not-549 avia_image ' src=\"https:\/\/steuler-kchmexico.com\/wordpress\/wp-content\/uploads\/kerabutyl-bb-s-bs-min.png\" alt='' title=''  height=\"630\" width=\"1500\"  itemprop=\"thumbnailUrl\" srcset=\"https:\/\/steuler-kchmexico.com\/wordpress\/wp-content\/uploads\/kerabutyl-bb-s-bs-min.png 1500w, https:\/\/steuler-kchmexico.com\/wordpress\/wp-content\/uploads\/kerabutyl-bb-s-bs-min-300x126.png 300w, https:\/\/steuler-kchmexico.com\/wordpress\/wp-content\/uploads\/kerabutyl-bb-s-bs-min-1030x433.png 1030w, https:\/\/steuler-kchmexico.com\/wordpress\/wp-content\/uploads\/kerabutyl-bb-s-bs-min-80x34.png 80w, https:\/\/steuler-kchmexico.com\/wordpress\/wp-content\/uploads\/kerabutyl-bb-s-bs-min-768x323.png 768w, https:\/\/steuler-kchmexico.com\/wordpress\/wp-content\/uploads\/kerabutyl-bb-s-bs-min-705x296.png 705w\" sizes=\"(max-width: 1500px) 100vw, 1500px\" \/><\/div><\/div><\/div><\/p><\/div><\/p>\n","protected":false},"excerpt":{"rendered":"","protected":false},"author":1,"featured_media":0,"parent":0,"menu_order":0,"comment_status":"closed","ping_status":"closed","template":"","meta":{"footnotes":""},"_links":{"self":[{"href":"https:\/\/steuler-kchmexico.com\/wordpress\/wp-json\/wp\/v2\/pages\/158"}],"collection":[{"href":"https:\/\/steuler-kchmexico.com\/wordpress\/wp-json\/wp\/v2\/pages"}],"about":[{"href":"https:\/\/steuler-kchmexico.com\/wordpress\/wp-json\/wp\/v2\/types\/page"}],"author":[{"embeddable":true,"href":"https:\/\/steuler-kchmexico.com\/wordpress\/wp-json\/wp\/v2\/users\/1"}],"replies":[{"embeddable":true,"href":"https:\/\/steuler-kchmexico.com\/wordpress\/wp-json\/wp\/v2\/comments?post=158"}],"version-history":[{"count":15,"href":"https:\/\/steuler-kchmexico.com\/wordpress\/wp-json\/wp\/v2\/pages\/158\/revisions"}],"predecessor-version":[{"id":313,"href":"https:\/\/steuler-kchmexico.com\/wordpress\/wp-json\/wp\/v2\/pages\/158\/revisions\/313"}],"wp:attachment":[{"href":"https:\/\/steuler-kchmexico.com\/wordpress\/wp-json\/wp\/v2\/media?parent=158"}],"curies":[{"name":"wp","href":"https:\/\/api.w.org\/{rel}","templated":true}]}}